{"id":3796,"date":"2020-04-24T13:32:44","date_gmt":"2020-04-24T16:32:44","guid":{"rendered":"https:\/\/excelexpert.com.br\/treinamentos\/?page_id=3796"},"modified":"2020-05-17T14:03:22","modified_gmt":"2020-05-17T17:03:22","slug":"geraldo-pires-de-alvarenga","status":"publish","type":"page","link":"https:\/\/excelexpert.com.br\/treinamentos\/geraldo-pires-de-alvarenga\/","title":{"rendered":"Geraldo Pires de Alvarenga"},"content":{"rendered":"\t\t<div data-elementor-type=\"wp-page\" data-elementor-id=\"3796\" class=\"elementor elementor-3796\" data-elementor-post-type=\"page\">\n\t\t\t\t\t\t<section class=\"elementor-section elementor-top-section elementor-element elementor-element-5c53aa90 elementor-section-boxed elementor-section-height-default elementor-section-height-default\" data-id=\"5c53aa90\" data-element_type=\"section\" data-settings=\"{&quot;jet_parallax_layout_list&quot;:[{&quot;jet_parallax_layout_image&quot;:{&quot;url&quot;:&quot;&quot;,&quot;id&quot;:&quot;&quot;,&quot;size&quot;:&quot;&quot;},&quot;_id&quot;:&quot;5e06725&quot;,&quot;jet_parallax_layout_image_tablet&quot;:{&quot;url&quot;:&quot;&quot;,&quot;id&quot;:&quot;&quot;,&quot;size&quot;:&quot;&quot;},&quot;jet_parallax_layout_image_mobile&quot;:{&quot;url&quot;:&quot;&quot;,&quot;id&quot;:&quot;&quot;,&quot;size&quot;:&quot;&quot;},&quot;jet_parallax_layout_speed&quot;:{&quot;unit&quot;:&quot;%&quot;,&quot;size&quot;:50,&quot;sizes&quot;:[]},&quot;jet_parallax_layout_type&quot;:&quot;scroll&quot;,&quot;jet_parallax_layout_direction&quot;:&quot;1&quot;,&quot;jet_parallax_layout_fx_direction&quot;:null,&quot;jet_parallax_layout_z_index&quot;:&quot;&quot;,&quot;jet_parallax_layout_bg_x&quot;:50,&quot;jet_parallax_layout_bg_y&quot;:50,&quot;jet_parallax_layout_bg_size&quot;:&quot;auto&quot;,&quot;jet_parallax_layout_animation_prop&quot;:&quot;transform&quot;,&quot;jet_parallax_layout_on&quot;:[&quot;desktop&quot;,&quot;tablet&quot;],&quot;jet_parallax_layout_bg_x_tablet&quot;:&quot;&quot;,&quot;jet_parallax_layout_bg_x_mobile&quot;:&quot;&quot;,&quot;jet_parallax_layout_bg_y_tablet&quot;:&quot;&quot;,&quot;jet_parallax_layout_bg_y_mobile&quot;:&quot;&quot;,&quot;jet_parallax_layout_bg_size_tablet&quot;:&quot;&quot;,&quot;jet_parallax_layout_bg_size_mobile&quot;:&quot;&quot;}]}\">\n\t\t\t\t\t\t<div class=\"elementor-container elementor-column-gap-wide\">\n\t\t\t\t\t<div class=\"elementor-column elementor-col-33 elementor-top-column elementor-element elementor-element-32776a1\" data-id=\"32776a1\" data-element_type=\"column\" data-settings=\"{&quot;background_background&quot;:&quot;classic&quot;}\">\n\t\t\t<div class=\"elementor-widget-wrap elementor-element-populated\">\n\t\t\t\t\t\t<div class=\"elementor-element elementor-element-58d53ca elementor-widget elementor-widget-jet-team-member\" data-id=\"58d53ca\" data-element_type=\"widget\" data-widget_type=\"jet-team-member.default\">\n\t\t\t\t<div class=\"elementor-widget-container\">\n\t\t\t\t\t<div class=\"elementor-jet-team-member jet-elements\"><div class=\"jet-team-member\">\n\t<div class=\"jet-team-member__inner\">\n\t\t\t<div class=\"jet-team-member__image\">\n\t\t\t<div class=\"jet-team-member__cover\"><\/div>\n\t\t\t<figure class=\"jet-team-member__figure\"><img fetchpriority=\"high\" decoding=\"async\" width=\"328\" height=\"328\" src=\"https:\/\/excelexpert.com.br\/treinamentos\/wp-content\/uploads\/2020\/04\/Prof.Geraldo.jpg\" class=\"jet-team-member__img-tag\" alt=\"Prof.Geraldo\" srcset=\"https:\/\/excelexpert.com.br\/treinamentos\/wp-content\/uploads\/2020\/04\/Prof.Geraldo.jpg 328w, https:\/\/excelexpert.com.br\/treinamentos\/wp-content\/uploads\/2020\/04\/Prof.Geraldo-300x300.jpg 300w, https:\/\/excelexpert.com.br\/treinamentos\/wp-content\/uploads\/2020\/04\/Prof.Geraldo-150x150.jpg 150w, https:\/\/excelexpert.com.br\/treinamentos\/wp-content\/uploads\/2020\/04\/Prof.Geraldo-100x100.jpg 100w\" sizes=\"(max-width: 328px) 100vw, 328px\" \/><\/figure>\t\t<\/div>\n\t\t<div class=\"jet-team-member__content\"><h3 class=\"jet-team-member__name\"><span class=\"jet-team-member__name-first\">GERALDO<\/span><\/h3><div class=\"jet-team-member__position\"><span>Especialista em EXCEL \u2013 VBA\/Macros<\/span><\/div><div class=\"jet-team-member__socials\"><div class=\"jet-team-member__socials-item\"><a href=\"#\" aria-label=\"Facebook\"><div class=\"jet-team-member__socials-icon\"><div class=\"inner\"><span class=\"jet-elements-icon\"><i aria-hidden=\"true\" class=\"fab fa-facebook\"><\/i><\/span><\/div><\/div><\/a><\/div><div class=\"jet-team-member__socials-item\"><a href=\"#\" aria-label=\"Linkedin\"><div class=\"jet-team-member__socials-icon\"><div class=\"inner\"><span class=\"jet-elements-icon\"><i aria-hidden=\"true\" class=\"fab fa-linkedin\"><\/i><\/span><\/div><\/div><\/a><\/div><div class=\"jet-team-member__socials-item\"><a href=\"#\" aria-label=\"Twitter\"><div class=\"jet-team-member__socials-icon\"><div class=\"inner\"><span class=\"jet-elements-icon\"><i aria-hidden=\"true\" class=\"fab fa-twitter\"><\/i><\/span><\/div><\/div><\/a><\/div><div class=\"jet-team-member__socials-item\"><a href=\"#\" aria-label=\"WhatsApp\"><div class=\"jet-team-member__socials-icon\"><div class=\"inner\"><span class=\"jet-elements-icon\"><i aria-hidden=\"true\" class=\"fab fa-whatsapp\"><\/i><\/span><\/div><\/div><\/a><\/div><\/div><\/div>\n\t<\/div>\n\t<\/div>\n<\/div>\t\t\t\t<\/div>\n\t\t\t\t<\/div>\n\t\t\t\t<div class=\"elementor-element elementor-element-3139eb16 elementor-widget-divider--view-line elementor-widget elementor-widget-divider\" data-id=\"3139eb16\" data-element_type=\"widget\" data-widget_type=\"divider.default\">\n\t\t\t\t<div class=\"elementor-widget-container\">\n\t\t\t\t\t\t\t<div class=\"elementor-divider\">\n\t\t\t<span class=\"elementor-divider-separator\">\n\t\t\t\t\t\t<\/span>\n\t\t<\/div>\n\t\t\t\t\t\t<\/div>\n\t\t\t\t<\/div>\n\t\t\t\t<div class=\"elementor-element elementor-element-bb62170 elementor-widget elementor-widget-heading\" data-id=\"bb62170\" data-element_type=\"widget\" data-widget_type=\"heading.default\">\n\t\t\t\t<div class=\"elementor-widget-container\">\n\t\t\t\t\t<h2 class=\"elementor-heading-title elementor-size-small\">FORMA\u00c7\u00c3O ACAD\u00caMICA<\/h2>\t\t\t\t<\/div>\n\t\t\t\t<\/div>\n\t\t\t\t<div class=\"elementor-element elementor-element-6e99803 elementor-icon-list--layout-traditional elementor-list-item-link-full_width elementor-widget elementor-widget-icon-list\" data-id=\"6e99803\" data-element_type=\"widget\" data-widget_type=\"icon-list.default\">\n\t\t\t\t<div class=\"elementor-widget-container\">\n\t\t\t\t\t\t\t<ul class=\"elementor-icon-list-items\">\n\t\t\t\t\t\t\t<li class=\"elementor-icon-list-item\">\n\t\t\t\t\t\t\t\t\t\t\t<span class=\"elementor-icon-list-icon\">\n\t\t\t\t\t\t\t<i aria-hidden=\"true\" class=\"fas fa-user-graduate\"><\/i>\t\t\t\t\t\t<\/span>\n\t\t\t\t\t\t\t\t\t\t<span class=\"elementor-icon-list-text\">Graduado em Ci\u00eancias Cont\u00e1beis, Administra\u00e7\u00e3o de Empresas e Economia pela PUC-MG, com p\u00f3s-gradua\u00e7\u00e3o em Marketing Avan\u00e7ado pela FAE\/PR.<\/span>\n\t\t\t\t\t\t\t\t\t<\/li>\n\t\t\t\t\t\t<\/ul>\n\t\t\t\t\t\t<\/div>\n\t\t\t\t<\/div>\n\t\t\t\t<div class=\"elementor-element elementor-element-df61683 elementor-widget elementor-widget-heading\" data-id=\"df61683\" data-element_type=\"widget\" data-widget_type=\"heading.default\">\n\t\t\t\t<div class=\"elementor-widget-container\">\n\t\t\t\t\t<h2 class=\"elementor-heading-title elementor-size-small\">AUTOR<\/h2>\t\t\t\t<\/div>\n\t\t\t\t<\/div>\n\t\t\t\t<div class=\"elementor-element elementor-element-f448442 elementor-widget elementor-widget-text-editor\" data-id=\"f448442\" data-element_type=\"widget\" data-widget_type=\"text-editor.default\">\n\t\t\t\t<div class=\"elementor-widget-container\">\n\t\t\t\t\t\t\t\t\t<p>dos Cursos EAD:<br \/>&gt;&gt; Excel Completo &gt;&gt; Excel Profissional &gt;&gt; Excel Desenvolvedor&#8230; na plataforma Hotmart<\/p>\t\t\t\t\t\t\t\t<\/div>\n\t\t\t\t<\/div>\n\t\t\t\t<div class=\"elementor-element elementor-element-b1f1b27 elementor-widget elementor-widget-text-editor\" data-id=\"b1f1b27\" data-element_type=\"widget\" data-widget_type=\"text-editor.default\">\n\t\t\t\t<div class=\"elementor-widget-container\">\n\t\t\t\t\t\t\t\t\t<p>REALIZOU MAIS DE 600 programas de treinamentos presenciais, de Excel b\u00e1sico, intermedi\u00e1rio, avan\u00e7ado e VBA com mais de 12.000 participantes, em todo o pa\u00eds.<\/p>\t\t\t\t\t\t\t\t<\/div>\n\t\t\t\t<\/div>\n\t\t\t\t\t<\/div>\n\t\t<\/div>\n\t\t\t\t<div class=\"elementor-column elementor-col-33 elementor-top-column elementor-element elementor-element-4797086d\" data-id=\"4797086d\" data-element_type=\"column\">\n\t\t\t<div class=\"elementor-widget-wrap\">\n\t\t\t\t\t\t\t<\/div>\n\t\t<\/div>\n\t\t\t\t<div class=\"elementor-column elementor-col-33 elementor-top-column elementor-element elementor-element-2a921006\" data-id=\"2a921006\" data-element_type=\"column\">\n\t\t\t<div class=\"elementor-widget-wrap elementor-element-populated\">\n\t\t\t\t\t\t<div class=\"elementor-element elementor-element-11a803a4 elementor-widget elementor-widget-jet-headline\" data-id=\"11a803a4\" data-element_type=\"widget\" data-widget_type=\"jet-headline.default\">\n\t\t\t\t<div class=\"elementor-widget-container\">\n\t\t\t\t\t<h2 class=\"jet-headline jet-headline--direction-horizontal\"><span class=\"jet-headline__part jet-headline__first\"><span class=\"jet-headline__label\">Geraldo Pires<\/span><\/span><span class=\"jet-headline__space\">&nbsp;<\/span><span class=\"jet-headline__part jet-headline__second\"><span class=\"jet-headline__label\">de Alvarenga<\/span><\/span><\/h2>\t\t\t\t<\/div>\n\t\t\t\t<\/div>\n\t\t\t\t<div class=\"elementor-element elementor-element-3edd3fb1 elementor-widget-divider--view-line elementor-widget elementor-widget-divider\" data-id=\"3edd3fb1\" data-element_type=\"widget\" data-widget_type=\"divider.default\">\n\t\t\t\t<div class=\"elementor-widget-container\">\n\t\t\t\t\t\t\t<div class=\"elementor-divider\">\n\t\t\t<span class=\"elementor-divider-separator\">\n\t\t\t\t\t\t<\/span>\n\t\t<\/div>\n\t\t\t\t\t\t<\/div>\n\t\t\t\t<\/div>\n\t\t\t\t<div class=\"elementor-element elementor-element-1bfe33b8 elementor-widget elementor-widget-heading\" data-id=\"1bfe33b8\" data-element_type=\"widget\" data-widget_type=\"heading.default\">\n\t\t\t\t<div class=\"elementor-widget-container\">\n\t\t\t\t\t<h2 class=\"elementor-heading-title elementor-size-small\">EXCEL EXPERT BRASIL<\/h2>\t\t\t\t<\/div>\n\t\t\t\t<\/div>\n\t\t\t\t<div class=\"elementor-element elementor-element-3206b7dd elementor-icon-list--layout-traditional elementor-list-item-link-full_width elementor-widget elementor-widget-icon-list\" data-id=\"3206b7dd\" data-element_type=\"widget\" data-widget_type=\"icon-list.default\">\n\t\t\t\t<div class=\"elementor-widget-container\">\n\t\t\t\t\t\t\t<ul class=\"elementor-icon-list-items\">\n\t\t\t\t\t\t\t<li class=\"elementor-icon-list-item\">\n\t\t\t\t\t\t\t\t\t\t\t<span class=\"elementor-icon-list-icon\">\n\t\t\t\t\t\t\t<i aria-hidden=\"true\" class=\"fas fa-crown\"><\/i>\t\t\t\t\t\t<\/span>\n\t\t\t\t\t\t\t\t\t\t<span class=\"elementor-icon-list-text\">Desde 2008, fundador e diretor da Excel Expert Brasil, com sede em Curitiba\/PR.<\/span>\n\t\t\t\t\t\t\t\t\t<\/li>\n\t\t\t\t\t\t<\/ul>\n\t\t\t\t\t\t<\/div>\n\t\t\t\t<\/div>\n\t\t\t\t<div class=\"elementor-element elementor-element-0d515a8 elementor-widget elementor-widget-text-editor\" data-id=\"0d515a8\" data-element_type=\"widget\" data-widget_type=\"text-editor.default\">\n\t\t\t\t<div class=\"elementor-widget-container\">\n\t\t\t\t\t\t\t\t\t<p>Mineiro, graduado em Ci\u00eancias Cont\u00e1beis, Administra\u00e7\u00e3o de Empresas e Economia pela PUC-MG, com p\u00f3s-gradua\u00e7\u00e3o em Marketing Avan\u00e7ado pela FAE\/PR.<\/p><p>Desde 2005, atua como Professor e Consultor Independente, especialista no desenvolvimento de solu\u00e7\u00f5es com Excel Avan\u00e7ado e Programado (VBA \u2013 Virtual Basic for Applications), sendo tamb\u00e9m especialista em Ger\u00eancia de Projetos e Microsoft Project.<span style=\"font-size: 15px;\"><br \/><\/span><\/p><p><span style=\"font-size: 15px;\">Ministra cursos In Company em diversas empresas, tais como ExxonMobil, Spaipa (Coca-Cola), Itaipu, Correios, Copel, Cosan (Esso),\u00a0<\/span><span style=\"font-size: 15px;\">Grupo JBS, Grupo Botic\u00e1rio, Enso Store, Ingersoll, Positivo entre outras, bem como em diversas institui\u00e7\u00f5es de ensino superior em\u00a0<\/span><span style=\"font-size: 15px;\">Curitiba (ISAE\/FGV, Esta\u00e7\u00e3o Business School, UNIVEB, IBECC, SOCIESC, etc.).<\/span><\/p><p>Desde 2009 ministra cursos de Excel Avan\u00e7ado e VBA (b\u00e1sico e avan\u00e7ado) pela MATFIN CURSOS EMPRESARIAIS.<\/p><p>Trabalhou durante 25 anos como Analista de Sistemas em ind\u00fastrias e bancos, em Minas Gerais (Magnesita, Grupo BMG, Ferteco) e no Paran\u00e1 (Bamerindus).<\/p><p>Em Curitiba, foi professor de disciplinas de gradua\u00e7\u00e3o na SPEI, na FACSUL e nas Faculdades Integradas Curitiba (UNICURITBA) at\u00e9 2005.\u00a0<\/p><p>Ministrou m\u00f3dulos de P\u00f3s-Gradua\u00e7\u00e3o em Gest\u00e3o de Inform\u00e1tica, na SPEI, na FAE, na PUC e na UNICURITIBA, de 1995 a 2005.<span style=\"font-size: 15px;\"><br \/><\/span><\/p><p><span style=\"font-size: 15px;\">De 1995 a 2005, dirigiu a unidade franqueada da People Computa\u00e7\u00e3o em Curitiba, empresa de treinamento em Inform\u00e1tica, pela qual\u00a0<\/span><span style=\"font-size: 15px;\">formou mais de 2.000 alunos para o mercado de trabalho<\/span><\/p>\t\t\t\t\t\t\t\t<\/div>\n\t\t\t\t<\/div>\n\t\t\t\t\t<\/div>\n\t\t<\/div>\n\t\t\t\t\t<\/div>\n\t\t<\/section>\n\t\t\t\t<\/div>\n\t\t","protected":false},"excerpt":{"rendered":"<p>GERALDO Especialista em EXCEL \u2013 VBA\/Macros FORMA\u00c7\u00c3O ACAD\u00caMICA Graduado em Ci\u00eancias Cont\u00e1beis, Administra\u00e7\u00e3o de Empresas e Economia pela PUC-MG, com p\u00f3s-gradua\u00e7\u00e3o em Marketing Avan\u00e7ado pela FAE\/PR. AUTOR dos Cursos EAD:&gt;&gt; Excel Completo &gt;&gt; Excel Profissional &gt;&gt; Excel Desenvolvedor&#8230; na plataforma Hotmart REALIZOU MAIS DE 600 programas de treinamentos presenciais, de Excel b\u00e1sico, intermedi\u00e1rio, avan\u00e7ado e [&hellip;]<\/p>\n","protected":false},"author":1,"featured_media":0,"parent":0,"menu_order":0,"comment_status":"closed","ping_status":"closed","template":"elementor_header_footer","meta":{"site-sidebar-layout":"no-sidebar","site-content-layout":"page-builder","ast-site-content-layout":"default","site-content-style":"default","site-sidebar-style":"default","ast-global-header-display":"","ast-banner-title-visibility":"","ast-main-header-display":"","ast-hfb-above-header-display":"","ast-hfb-below-header-display":"","ast-hfb-mobile-header-display":"","site-post-title":"disabled","ast-breadcrumbs-content":"","ast-featured-img":"disabled","footer-sml-layout":"","theme-transparent-header-meta":"default","adv-header-id-meta":"","stick-header-meta":"default","header-above-stick-meta":"","header-main-stick-meta":"","header-below-stick-meta":"","astra-migrate-meta-layouts":"default","ast-page-background-enabled":"default","ast-page-background-meta":{"desktop":{"background-color":"","background-image":"","background-repeat":"repeat","background-position":"center center","background-size":"auto","background-attachment":"scroll","background-type":"","background-media":"","overlay-type":"","overlay-color":"","overlay-opacity":"","overlay-gradient":""},"tablet":{"background-color":"","background-image":"","background-repeat":"repeat","background-position":"center center","background-size":"auto","background-attachment":"scroll","background-type":"","background-media":"","overlay-type":"","overlay-color":"","overlay-opacity":"","overlay-gradient":""},"mobile":{"background-color":"","background-image":"","background-repeat":"repeat","background-position":"center center","background-size":"auto","background-attachment":"scroll","background-type":"","background-media":"","overlay-type":"","overlay-color":"","overlay-opacity":"","overlay-gradient":""}},"ast-content-background-meta":{"desktop":{"background-color":"var(--ast-global-color-5)","background-image":"","background-repeat":"repeat","background-position":"center center","background-size":"auto","background-attachment":"scroll","background-type":"","background-media":"","overlay-type":"","overlay-color":"","overlay-opacity":"","overlay-gradient":""},"tablet":{"background-color":"var(--ast-global-color-5)","background-image":"","background-repeat":"repeat","background-position":"center center","background-size":"auto","background-attachment":"scroll","background-type":"","background-media":"","overlay-type":"","overlay-color":"","overlay-opacity":"","overlay-gradient":""},"mobile":{"background-color":"var(--ast-global-color-5)","background-image":"","background-repeat":"repeat","background-position":"center center","background-size":"auto","background-attachment":"scroll","background-type":"","background-media":"","overlay-type":"","overlay-color":"","overlay-opacity":"","overlay-gradient":""}},"footnotes":""},"class_list":["post-3796","page","type-page","status-publish","hentry"],"_links":{"self":[{"href":"https:\/\/excelexpert.com.br\/treinamentos\/wp-json\/wp\/v2\/pages\/3796","targetHints":{"allow":["GET"]}}],"collection":[{"href":"https:\/\/excelexpert.com.br\/treinamentos\/wp-json\/wp\/v2\/pages"}],"about":[{"href":"https:\/\/excelexpert.com.br\/treinamentos\/wp-json\/wp\/v2\/types\/page"}],"author":[{"embeddable":true,"href":"https:\/\/excelexpert.com.br\/treinamentos\/wp-json\/wp\/v2\/users\/1"}],"replies":[{"embeddable":true,"href":"https:\/\/excelexpert.com.br\/treinamentos\/wp-json\/wp\/v2\/comments?post=3796"}],"version-history":[{"count":0,"href":"https:\/\/excelexpert.com.br\/treinamentos\/wp-json\/wp\/v2\/pages\/3796\/revisions"}],"wp:attachment":[{"href":"https:\/\/excelexpert.com.br\/treinamentos\/wp-json\/wp\/v2\/media?parent=3796"}],"curies":[{"name":"wp","href":"https:\/\/api.w.org\/{rel}","templated":true}]}}