{"id":29261,"date":"2021-09-13T16:12:55","date_gmt":"2021-09-13T19:12:55","guid":{"rendered":"https:\/\/excelexpert.com.br\/treinamentos\/?page_id=29261"},"modified":"2021-09-13T16:39:16","modified_gmt":"2021-09-13T19:39:16","slug":"ricardo-nazar-rodrigues","status":"publish","type":"page","link":"https:\/\/excelexpert.com.br\/treinamentos\/ricardo-nazar-rodrigues\/","title":{"rendered":"Ricardo Nazar Rodrigues"},"content":{"rendered":"\t\t<div data-elementor-type=\"wp-page\" data-elementor-id=\"29261\" class=\"elementor elementor-29261\" data-elementor-post-type=\"page\">\n\t\t\t\t\t\t<section class=\"elementor-section elementor-top-section elementor-element elementor-element-240d1672 elementor-section-boxed elementor-section-height-default elementor-section-height-default\" data-id=\"240d1672\" data-element_type=\"section\" data-settings=\"{&quot;jet_parallax_layout_list&quot;:[{&quot;_id&quot;:&quot;5e06725&quot;,&quot;jet_parallax_layout_image&quot;:{&quot;url&quot;:&quot;&quot;,&quot;id&quot;:&quot;&quot;,&quot;size&quot;:&quot;&quot;},&quot;jet_parallax_layout_image_tablet&quot;:{&quot;url&quot;:&quot;&quot;,&quot;id&quot;:&quot;&quot;,&quot;size&quot;:&quot;&quot;},&quot;jet_parallax_layout_image_mobile&quot;:{&quot;url&quot;:&quot;&quot;,&quot;id&quot;:&quot;&quot;,&quot;size&quot;:&quot;&quot;},&quot;jet_parallax_layout_speed&quot;:{&quot;unit&quot;:&quot;%&quot;,&quot;size&quot;:50,&quot;sizes&quot;:[]},&quot;jet_parallax_layout_type&quot;:&quot;scroll&quot;,&quot;jet_parallax_layout_direction&quot;:&quot;1&quot;,&quot;jet_parallax_layout_fx_direction&quot;:null,&quot;jet_parallax_layout_z_index&quot;:&quot;&quot;,&quot;jet_parallax_layout_bg_x&quot;:50,&quot;jet_parallax_layout_bg_x_tablet&quot;:&quot;&quot;,&quot;jet_parallax_layout_bg_x_mobile&quot;:&quot;&quot;,&quot;jet_parallax_layout_bg_y&quot;:50,&quot;jet_parallax_layout_bg_y_tablet&quot;:&quot;&quot;,&quot;jet_parallax_layout_bg_y_mobile&quot;:&quot;&quot;,&quot;jet_parallax_layout_bg_size&quot;:&quot;auto&quot;,&quot;jet_parallax_layout_bg_size_tablet&quot;:&quot;&quot;,&quot;jet_parallax_layout_bg_size_mobile&quot;:&quot;&quot;,&quot;jet_parallax_layout_animation_prop&quot;:&quot;transform&quot;,&quot;jet_parallax_layout_on&quot;:[&quot;desktop&quot;,&quot;tablet&quot;]}]}\">\n\t\t\t\t\t\t<div class=\"elementor-container elementor-column-gap-wide\">\n\t\t\t\t\t<div class=\"elementor-column elementor-col-33 elementor-top-column elementor-element elementor-element-51bef69b\" data-id=\"51bef69b\" data-element_type=\"column\" data-settings=\"{&quot;background_background&quot;:&quot;classic&quot;}\">\n\t\t\t<div class=\"elementor-widget-wrap elementor-element-populated\">\n\t\t\t\t\t\t<div class=\"elementor-element elementor-element-7db323a7 elementor-widget elementor-widget-jet-team-member\" data-id=\"7db323a7\" data-element_type=\"widget\" data-widget_type=\"jet-team-member.default\">\n\t\t\t\t<div class=\"elementor-widget-container\">\n\t\t\t\t\t<div class=\"elementor-jet-team-member jet-elements\"><div class=\"jet-team-member\">\n\t<div class=\"jet-team-member__inner\">\n\t\t\t<div class=\"jet-team-member__image\">\n\t\t\t<div class=\"jet-team-member__cover\"><\/div>\n\t\t\t<figure class=\"jet-team-member__figure\"><img fetchpriority=\"high\" decoding=\"async\" width=\"600\" height=\"606\" src=\"https:\/\/excelexpert.com.br\/treinamentos\/wp-content\/uploads\/Foto-Ricardo2.jpg\" class=\"jet-team-member__img-tag\" alt=\"Foto-Ricardo2\" srcset=\"https:\/\/excelexpert.com.br\/treinamentos\/wp-content\/uploads\/Foto-Ricardo2.jpg 600w, https:\/\/excelexpert.com.br\/treinamentos\/wp-content\/uploads\/Foto-Ricardo2-297x300.jpg 297w, https:\/\/excelexpert.com.br\/treinamentos\/wp-content\/uploads\/Foto-Ricardo2-300x303.jpg 300w, https:\/\/excelexpert.com.br\/treinamentos\/wp-content\/uploads\/Foto-Ricardo2-100x100.jpg 100w\" sizes=\"(max-width: 600px) 100vw, 600px\" \/><\/figure>\t\t<\/div>\n\t\t<div class=\"jet-team-member__content\"><h3 class=\"jet-team-member__name\"><span class=\"jet-team-member__name-first\">Ricardo<\/span><\/h3><div class=\"jet-team-member__position\"><span>Especialista em EXCEL, VBA e POWER BI<\/span><\/div><div class=\"jet-team-member__socials\"><div class=\"jet-team-member__socials-item\"><a href=\"#\" aria-label=\"Facebook\"><div class=\"jet-team-member__socials-icon\"><div class=\"inner\"><span class=\"jet-elements-icon\"><i aria-hidden=\"true\" class=\"fab fa-facebook\"><\/i><\/span><\/div><\/div><\/a><\/div><div class=\"jet-team-member__socials-item\"><a href=\"#\" aria-label=\"Linkedin\"><div class=\"jet-team-member__socials-icon\"><div class=\"inner\"><span class=\"jet-elements-icon\"><i aria-hidden=\"true\" class=\"fab fa-linkedin\"><\/i><\/span><\/div><\/div><\/a><\/div><div class=\"jet-team-member__socials-item\"><a href=\"#\" aria-label=\"Twitter\"><div class=\"jet-team-member__socials-icon\"><div class=\"inner\"><span class=\"jet-elements-icon\"><i aria-hidden=\"true\" class=\"fab fa-twitter\"><\/i><\/span><\/div><\/div><\/a><\/div><div class=\"jet-team-member__socials-item\"><a href=\"#\" aria-label=\"WhatsApp\"><div class=\"jet-team-member__socials-icon\"><div class=\"inner\"><span class=\"jet-elements-icon\"><i aria-hidden=\"true\" class=\"fab fa-whatsapp\"><\/i><\/span><\/div><\/div><\/a><\/div><\/div><\/div>\n\t<\/div>\n\t<\/div>\n<\/div>\t\t\t\t<\/div>\n\t\t\t\t<\/div>\n\t\t\t\t<div class=\"elementor-element elementor-element-414b4d4d elementor-widget-divider--view-line elementor-widget elementor-widget-divider\" data-id=\"414b4d4d\" data-element_type=\"widget\" data-widget_type=\"divider.default\">\n\t\t\t\t<div class=\"elementor-widget-container\">\n\t\t\t\t\t\t\t<div class=\"elementor-divider\">\n\t\t\t<span class=\"elementor-divider-separator\">\n\t\t\t\t\t\t<\/span>\n\t\t<\/div>\n\t\t\t\t\t\t<\/div>\n\t\t\t\t<\/div>\n\t\t\t\t<div class=\"elementor-element elementor-element-5ce236e0 elementor-widget elementor-widget-heading\" data-id=\"5ce236e0\" data-element_type=\"widget\" data-widget_type=\"heading.default\">\n\t\t\t\t<div class=\"elementor-widget-container\">\n\t\t\t\t\t<h2 class=\"elementor-heading-title elementor-size-small\">FORMA\u00c7\u00c3O ACAD\u00caMICA<\/h2>\t\t\t\t<\/div>\n\t\t\t\t<\/div>\n\t\t\t\t<div class=\"elementor-element elementor-element-a561078 elementor-icon-list--layout-traditional elementor-list-item-link-full_width elementor-widget elementor-widget-icon-list\" data-id=\"a561078\" data-element_type=\"widget\" data-widget_type=\"icon-list.default\">\n\t\t\t\t<div class=\"elementor-widget-container\">\n\t\t\t\t\t\t\t<ul class=\"elementor-icon-list-items\">\n\t\t\t\t\t\t\t<li class=\"elementor-icon-list-item\">\n\t\t\t\t\t\t\t\t\t\t\t<span class=\"elementor-icon-list-icon\">\n\t\t\t\t\t\t\t<i aria-hidden=\"true\" class=\"fas fa-user-graduate\"><\/i>\t\t\t\t\t\t<\/span>\n\t\t\t\t\t\t\t\t\t\t<span class=\"elementor-icon-list-text\">Licenciado em Matem\u00e1tica \u2013 UTFPR - 2015<\/span>\n\t\t\t\t\t\t\t\t\t<\/li>\n\t\t\t\t\t\t<\/ul>\n\t\t\t\t\t\t<\/div>\n\t\t\t\t<\/div>\n\t\t\t\t<div class=\"elementor-element elementor-element-21210bf elementor-icon-list--layout-traditional elementor-list-item-link-full_width elementor-widget elementor-widget-icon-list\" data-id=\"21210bf\" data-element_type=\"widget\" data-widget_type=\"icon-list.default\">\n\t\t\t\t<div class=\"elementor-widget-container\">\n\t\t\t\t\t\t\t<ul class=\"elementor-icon-list-items\">\n\t\t\t\t\t\t\t<li class=\"elementor-icon-list-item\">\n\t\t\t\t\t\t\t\t\t\t\t<span class=\"elementor-icon-list-icon\">\n\t\t\t\t\t\t\t<i aria-hidden=\"true\" class=\"fas fa-user-graduate\"><\/i>\t\t\t\t\t\t<\/span>\n\t\t\t\t\t\t\t\t\t\t<span class=\"elementor-icon-list-text\">Eng. El\u00e9trica \u2013 UFPR - 2017<\/span>\n\t\t\t\t\t\t\t\t\t<\/li>\n\t\t\t\t\t\t<\/ul>\n\t\t\t\t\t\t<\/div>\n\t\t\t\t<\/div>\n\t\t\t\t<div class=\"elementor-element elementor-element-4e7f1fc6 elementor-widget elementor-widget-heading\" data-id=\"4e7f1fc6\" data-element_type=\"widget\" data-widget_type=\"heading.default\">\n\t\t\t\t<div class=\"elementor-widget-container\">\n\t\t\t\t\t<h2 class=\"elementor-heading-title elementor-size-medium\">Participou dos Cursos<\/h2>\t\t\t\t<\/div>\n\t\t\t\t<\/div>\n\t\t\t\t<div class=\"elementor-element elementor-element-3dbcc83a elementor-widget elementor-widget-text-editor\" data-id=\"3dbcc83a\" data-element_type=\"widget\" data-widget_type=\"text-editor.default\">\n\t\t\t\t<div class=\"elementor-widget-container\">\n\t\t\t\t\t\t\t\t\t<ul><li style=\"text-align: left;\"><strong>Certifica\u00e7\u00e3o Microsoft Office Specialist Master 2013 (Excel, Word, Power Point)<\/strong><\/li><li style=\"text-align: left;\"><strong>Curso de VBA- 2016<\/strong><\/li><li style=\"text-align: left;\"><strong>Power BI &#8211; 2018<\/strong><\/li><li style=\"text-align: left;\"><strong>HTML\/CSS &#8211; 2017<\/strong><\/li><\/ul>\t\t\t\t\t\t\t\t<\/div>\n\t\t\t\t<\/div>\n\t\t\t\t<div class=\"elementor-element elementor-element-fc2bcdd elementor-widget elementor-widget-image\" data-id=\"fc2bcdd\" data-element_type=\"widget\" data-widget_type=\"image.default\">\n\t\t\t\t<div class=\"elementor-widget-container\">\n\t\t\t\t\t\t\t\t\t\t\t\t\t\t\t<img decoding=\"async\" width=\"150\" height=\"150\" src=\"https:\/\/excelexpert.com.br\/treinamentos\/wp-content\/uploads\/MOS_Master-150x150.png\" class=\"attachment-thumbnail size-thumbnail wp-image-29276\" alt=\"\" srcset=\"https:\/\/excelexpert.com.br\/treinamentos\/wp-content\/uploads\/MOS_Master-150x150.png 150w, https:\/\/excelexpert.com.br\/treinamentos\/wp-content\/uploads\/MOS_Master-300x300.png 300w, https:\/\/excelexpert.com.br\/treinamentos\/wp-content\/uploads\/elementor\/thumbs\/MOS_Master-pd2h7zn9yawmdqi9tvcb21kd9ebjwadxw22bgk9nu0.png 100w, https:\/\/excelexpert.com.br\/treinamentos\/wp-content\/uploads\/MOS_Master.png 352w\" sizes=\"(max-width: 150px) 100vw, 150px\" \/>\t\t\t\t\t\t\t\t\t\t\t\t\t\t\t<\/div>\n\t\t\t\t<\/div>\n\t\t\t\t\t<\/div>\n\t\t<\/div>\n\t\t\t\t<div class=\"elementor-column elementor-col-33 elementor-top-column elementor-element elementor-element-375bcf76\" data-id=\"375bcf76\" data-element_type=\"column\">\n\t\t\t<div class=\"elementor-widget-wrap\">\n\t\t\t\t\t\t\t<\/div>\n\t\t<\/div>\n\t\t\t\t<div class=\"elementor-column elementor-col-33 elementor-top-column elementor-element elementor-element-72bdefdc\" data-id=\"72bdefdc\" data-element_type=\"column\">\n\t\t\t<div class=\"elementor-widget-wrap elementor-element-populated\">\n\t\t\t\t\t\t<div class=\"elementor-element elementor-element-6eeee585 elementor-widget elementor-widget-jet-headline\" data-id=\"6eeee585\" data-element_type=\"widget\" data-widget_type=\"jet-headline.default\">\n\t\t\t\t<div class=\"elementor-widget-container\">\n\t\t\t\t\t<h2 class=\"jet-headline jet-headline--direction-horizontal\"><span class=\"jet-headline__part jet-headline__first\"><span class=\"jet-headline__label\">Ricardo Nazar<\/span><\/span><span class=\"jet-headline__space\">&nbsp;<\/span><span class=\"jet-headline__part jet-headline__second\"><span class=\"jet-headline__label\">Rodrigues<\/span><\/span><\/h2>\t\t\t\t<\/div>\n\t\t\t\t<\/div>\n\t\t\t\t<div class=\"elementor-element elementor-element-764c1662 elementor-widget-divider--view-line elementor-widget elementor-widget-divider\" data-id=\"764c1662\" data-element_type=\"widget\" data-widget_type=\"divider.default\">\n\t\t\t\t<div class=\"elementor-widget-container\">\n\t\t\t\t\t\t\t<div class=\"elementor-divider\">\n\t\t\t<span class=\"elementor-divider-separator\">\n\t\t\t\t\t\t<\/span>\n\t\t<\/div>\n\t\t\t\t\t\t<\/div>\n\t\t\t\t<\/div>\n\t\t\t\t<div class=\"elementor-element elementor-element-4758f352 elementor-icon-list--layout-traditional elementor-list-item-link-full_width elementor-widget elementor-widget-icon-list\" data-id=\"4758f352\" data-element_type=\"widget\" data-widget_type=\"icon-list.default\">\n\t\t\t\t<div class=\"elementor-widget-container\">\n\t\t\t\t\t\t\t<ul class=\"elementor-icon-list-items\">\n\t\t\t\t\t\t\t<li class=\"elementor-icon-list-item\">\n\t\t\t\t\t\t\t\t\t\t\t<span class=\"elementor-icon-list-icon\">\n\t\t\t\t\t\t\t<i aria-hidden=\"true\" class=\"far fa-address-card\"><\/i>\t\t\t\t\t\t<\/span>\n\t\t\t\t\t\t\t\t\t\t<span class=\"elementor-icon-list-text\">Experi\u00eancia Profissional<\/span>\n\t\t\t\t\t\t\t\t\t<\/li>\n\t\t\t\t\t\t<\/ul>\n\t\t\t\t\t\t<\/div>\n\t\t\t\t<\/div>\n\t\t\t\t<div class=\"elementor-element elementor-element-1047845a elementor-widget elementor-widget-text-editor\" data-id=\"1047845a\" data-element_type=\"widget\" data-widget_type=\"text-editor.default\">\n\t\t\t\t<div class=\"elementor-widget-container\">\n\t\t\t\t\t\t\t\t\t<h5><span style=\"color: #003366;\"><strong>Janeiro a Junho\/\/2021 \u2013 Sistema de sa\u00fade HSE Ireland &#8211; Irlanda<\/strong><\/span><\/h5><ul><li>Gest\u00e3o e controle de um hotel de isolamento para pessoas vindas de fora ou com COVID<\/li><li>Melhorias em planilhas e desenvolvimento de automa\u00e7\u00f5es para o processo de hotelaria e testes de COVID no Citywest Hotel.<\/li><li>Controle de qualidade de dados das vacina\u00e7\u00f5es no Citywest Convention center.<\/li><li>Aplica\u00e7\u00e3o de conhecimentos para cria\u00e7\u00e3o e viabiliza\u00e7\u00e3o do trabalho colaborativo no controle de qualidade de informa\u00e7\u00e3o<\/li><\/ul><h5><span style=\"color: #003366;\"><strong>Julho a Dezembro\/2020 \u2013 Rede de supermercados SPAR Ireland &#8211; Irlanda<\/strong><\/span><\/h5><ul><li>Atendimento de clientes e solu\u00e7\u00e3o de problemas<\/li><li>Suporte a compra e organiza\u00e7\u00e3o de produtos<\/li><\/ul><h5><span style=\"color: #003366;\"><strong>Desde 2016 &#8211; Consultor<\/strong><\/span><\/h5><ul><li>Analista de sistemas existentes ou estrutura\u00e7\u00e3o de uma solu\u00e7\u00e3o personalizada para clientes usando Excel.<\/li><li>Alguns clientes: Bosch, Egis, Haas, Brasilmad, Florense, JRD, JRR, MUNDI9.<\/li><li>Alguns tipos de solu\u00e7\u00f5es: Integra\u00e7\u00e3o com bancos de dados, entradas facilitadas de dados, automa\u00e7\u00e3o e estrutura\u00e7\u00e3o de planilhas existentes, relat\u00f3rios (Excel, Power Bi e Tableau).<\/li><\/ul>\t\t\t\t\t\t\t\t<\/div>\n\t\t\t\t<\/div>\n\t\t\t\t<div class=\"elementor-element elementor-element-95da15d elementor-icon-list--layout-traditional elementor-list-item-link-full_width elementor-widget elementor-widget-icon-list\" data-id=\"95da15d\" data-element_type=\"widget\" data-widget_type=\"icon-list.default\">\n\t\t\t\t<div class=\"elementor-widget-container\">\n\t\t\t\t\t\t\t<ul class=\"elementor-icon-list-items\">\n\t\t\t\t\t\t\t<li class=\"elementor-icon-list-item\">\n\t\t\t\t\t\t\t\t\t\t\t<span class=\"elementor-icon-list-icon\">\n\t\t\t\t\t\t\t<i aria-hidden=\"true\" class=\"fas fa-chalkboard-teacher\"><\/i>\t\t\t\t\t\t<\/span>\n\t\t\t\t\t\t\t\t\t\t<span class=\"elementor-icon-list-text\">Ministrou os Treinamentos<\/span>\n\t\t\t\t\t\t\t\t\t<\/li>\n\t\t\t\t\t\t<\/ul>\n\t\t\t\t\t\t<\/div>\n\t\t\t\t<\/div>\n\t\t\t\t<div class=\"elementor-element elementor-element-bda8290 elementor-widget elementor-widget-text-editor\" data-id=\"bda8290\" data-element_type=\"widget\" data-widget_type=\"text-editor.default\">\n\t\t\t\t<div class=\"elementor-widget-container\">\n\t\t\t\t\t\t\t\t\t<ul><li>TRIBUNAL DE CONTAS DO PR \u2013 Excel B\u00e1sico, Intermedi\u00e1rio e Avan\u00e7ado<\/li><li>CETREL -BA<\/li><li>SETCEPAR &#8211; PR \u2013 Excel B\u00e1sico, Intermedi\u00e1rio e Avan\u00e7ado<\/li><li>EXCEL EXPERT TREINAMENTOS \u2013 Excel B\u00e1sico, Intermedi\u00e1rio e Avan\u00e7ado<\/li><li>MATFIN Cursos Empresariais \u2013 Excel B\u00e1sico, Intermedi\u00e1rio e Avan\u00e7ado<\/li><\/ul>\t\t\t\t\t\t\t\t<\/div>\n\t\t\t\t<\/div>\n\t\t\t\t<div class=\"elementor-element elementor-element-1992531 elementor-icon-list--layout-traditional elementor-list-item-link-full_width elementor-widget elementor-widget-icon-list\" data-id=\"1992531\" data-element_type=\"widget\" data-widget_type=\"icon-list.default\">\n\t\t\t\t<div class=\"elementor-widget-container\">\n\t\t\t\t\t\t\t<ul class=\"elementor-icon-list-items\">\n\t\t\t\t\t\t\t<li class=\"elementor-icon-list-item\">\n\t\t\t\t\t\t\t\t\t\t\t<span class=\"elementor-icon-list-icon\">\n\t\t\t\t\t\t\t<i aria-hidden=\"true\" class=\"fas fa-users\"><\/i>\t\t\t\t\t\t<\/span>\n\t\t\t\t\t\t\t\t\t\t<span class=\"elementor-icon-list-text\">CONSULTORIAS: atual com a EXCEL EXPERT e pela sua empresa<\/span>\n\t\t\t\t\t\t\t\t\t<\/li>\n\t\t\t\t\t\t<\/ul>\n\t\t\t\t\t\t<\/div>\n\t\t\t\t<\/div>\n\t\t\t\t<div class=\"elementor-element elementor-element-34dd4be elementor-widget elementor-widget-text-editor\" data-id=\"34dd4be\" data-element_type=\"widget\" data-widget_type=\"text-editor.default\">\n\t\t\t\t<div class=\"elementor-widget-container\">\n\t\t\t\t\t\t\t\t\t<p>Brasilmad<br \/>Scansource<br \/>Novodordisk<br \/>Buhler<br \/>Florense<br \/>Bosch<br \/>JRD Marketing<br \/>Pro Diet<br \/>Famacor<br \/>Platitape<br \/>Sintegris<br \/>Jufap \u2013 revenda TIM<br \/>Dom Bosco Batel <br \/>FPRT \u2013 FEDERA\u00c7\u00c3O Paranaense de Truco<\/p>\t\t\t\t\t\t\t\t<\/div>\n\t\t\t\t<\/div>\n\t\t\t\t\t<\/div>\n\t\t<\/div>\n\t\t\t\t\t<\/div>\n\t\t<\/section>\n\t\t\t\t<\/div>\n\t\t","protected":false},"excerpt":{"rendered":"<p>Ricardo Especialista em EXCEL, VBA e POWER BI FORMA\u00c7\u00c3O ACAD\u00caMICA Licenciado em Matem\u00e1tica \u2013 UTFPR &#8211; 2015 Eng. El\u00e9trica \u2013 UFPR &#8211; 2017 Participou dos Cursos Certifica\u00e7\u00e3o Microsoft Office Specialist Master 2013 (Excel, Word, Power Point) Curso de VBA- 2016 Power BI &#8211; 2018 HTML\/CSS &#8211; 2017 Ricardo Nazar&nbsp;Rodrigues Experi\u00eancia Profissional Janeiro a Junho\/\/2021 \u2013 [&hellip;]<\/p>\n","protected":false},"author":1,"featured_media":0,"parent":0,"menu_order":0,"comment_status":"closed","ping_status":"closed","template":"elementor_header_footer","meta":{"site-sidebar-layout":"no-sidebar","site-content-layout":"page-builder","ast-site-content-layout":"default","site-content-style":"default","site-sidebar-style":"default","ast-global-header-display":"","ast-banner-title-visibility":"","ast-main-header-display":"","ast-hfb-above-header-display":"","ast-hfb-below-header-display":"","ast-hfb-mobile-header-display":"","site-post-title":"disabled","ast-breadcrumbs-content":"","ast-featured-img":"disabled","footer-sml-layout":"","theme-transparent-header-meta":"default","adv-header-id-meta":"","stick-header-meta":"default","header-above-stick-meta":"","header-main-stick-meta":"","header-below-stick-meta":"","astra-migrate-meta-layouts":"default","ast-page-background-enabled":"default","ast-page-background-meta":{"desktop":{"background-color":"","background-image":"","background-repeat":"repeat","background-position":"center center","background-size":"auto","background-attachment":"scroll","background-type":"","background-media":"","overlay-type":"","overlay-color":"","overlay-opacity":"","overlay-gradient":""},"tablet":{"background-color":"","background-image":"","background-repeat":"repeat","background-position":"center center","background-size":"auto","background-attachment":"scroll","background-type":"","background-media":"","overlay-type":"","overlay-color":"","overlay-opacity":"","overlay-gradient":""},"mobile":{"background-color":"","background-image":"","background-repeat":"repeat","background-position":"center center","background-size":"auto","background-attachment":"scroll","background-type":"","background-media":"","overlay-type":"","overlay-color":"","overlay-opacity":"","overlay-gradient":""}},"ast-content-background-meta":{"desktop":{"background-color":"var(--ast-global-color-5)","background-image":"","background-repeat":"repeat","background-position":"center center","background-size":"auto","background-attachment":"scroll","background-type":"","background-media":"","overlay-type":"","overlay-color":"","overlay-opacity":"","overlay-gradient":""},"tablet":{"background-color":"var(--ast-global-color-5)","background-image":"","background-repeat":"repeat","background-position":"center center","background-size":"auto","background-attachment":"scroll","background-type":"","background-media":"","overlay-type":"","overlay-color":"","overlay-opacity":"","overlay-gradient":""},"mobile":{"background-color":"var(--ast-global-color-5)","background-image":"","background-repeat":"repeat","background-position":"center center","background-size":"auto","background-attachment":"scroll","background-type":"","background-media":"","overlay-type":"","overlay-color":"","overlay-opacity":"","overlay-gradient":""}},"footnotes":""},"class_list":["post-29261","page","type-page","status-publish","hentry"],"_links":{"self":[{"href":"https:\/\/excelexpert.com.br\/treinamentos\/wp-json\/wp\/v2\/pages\/29261","targetHints":{"allow":["GET"]}}],"collection":[{"href":"https:\/\/excelexpert.com.br\/treinamentos\/wp-json\/wp\/v2\/pages"}],"about":[{"href":"https:\/\/excelexpert.com.br\/treinamentos\/wp-json\/wp\/v2\/types\/page"}],"author":[{"embeddable":true,"href":"https:\/\/excelexpert.com.br\/treinamentos\/wp-json\/wp\/v2\/users\/1"}],"replies":[{"embeddable":true,"href":"https:\/\/excelexpert.com.br\/treinamentos\/wp-json\/wp\/v2\/comments?post=29261"}],"version-history":[{"count":0,"href":"https:\/\/excelexpert.com.br\/treinamentos\/wp-json\/wp\/v2\/pages\/29261\/revisions"}],"wp:attachment":[{"href":"https:\/\/excelexpert.com.br\/treinamentos\/wp-json\/wp\/v2\/media?parent=29261"}],"curies":[{"name":"wp","href":"https:\/\/api.w.org\/{rel}","templated":true}]}}