{"id":2274,"date":"2020-07-22T14:59:16","date_gmt":"2020-07-22T17:59:16","guid":{"rendered":"https:\/\/excelexpert.com.br\/pr\/?page_id=2274"},"modified":"2020-07-28T14:04:53","modified_gmt":"2020-07-28T17:04:53","slug":"presenciais","status":"publish","type":"page","link":"https:\/\/excelexpert.com.br\/pr\/presenciais\/","title":{"rendered":"Presenciais"},"content":{"rendered":"\t\t<div data-elementor-type=\"wp-page\" data-elementor-id=\"2274\" class=\"elementor elementor-2274\">\n\t\t\t\t\t\t<section class=\"elementor-section elementor-top-section elementor-element elementor-element-a244901 elementor-section-boxed elementor-section-height-default elementor-section-height-default\" data-id=\"a244901\" data-element_type=\"section\" data-settings=\"{&quot;background_background&quot;:&quot;classic&quot;}\">\n\t\t\t\t\t\t\t<div class=\"elementor-background-overlay\"><\/div>\n\t\t\t\t\t\t\t<div class=\"elementor-container elementor-column-gap-default\">\n\t\t\t\t\t<div class=\"elementor-column elementor-col-33 elementor-top-column elementor-element elementor-element-3400804\" data-id=\"3400804\" data-element_type=\"column\">\n\t\t\t<div class=\"elementor-widget-wrap\">\n\t\t\t\t\t\t\t<\/div>\n\t\t<\/div>\n\t\t\t\t<div class=\"elementor-column elementor-col-33 elementor-top-column elementor-element elementor-element-d4d3cc8\" data-id=\"d4d3cc8\" data-element_type=\"column\">\n\t\t\t<div class=\"elementor-widget-wrap elementor-element-populated\">\n\t\t\t\t\t\t<div class=\"elementor-element elementor-element-4687a94 elementor-widget elementor-widget-heading\" data-id=\"4687a94\" data-element_type=\"widget\" data-widget_type=\"heading.default\">\n\t\t\t\t<div class=\"elementor-widget-container\">\n\t\t\t\t\t<h1 class=\"elementor-heading-title elementor-size-default\">Presenciais \/ Live<\/h1>\t\t\t\t<\/div>\n\t\t\t\t<\/div>\n\t\t\t\t<div class=\"elementor-element elementor-element-2b63277 elementor-widget elementor-widget-heading\" data-id=\"2b63277\" data-element_type=\"widget\" data-widget_type=\"heading.default\">\n\t\t\t\t<div class=\"elementor-widget-container\">\n\t\t\t\t\t<h4 class=\"elementor-heading-title elementor-size-default\">Treinamentos presenciais  no formato \u201cIn Company\u201d e em turmas abertas.<\/h4>\t\t\t\t<\/div>\n\t\t\t\t<\/div>\n\t\t\t\t<div class=\"elementor-element elementor-element-9851b3e elementor-widget elementor-widget-text-editor\" data-id=\"9851b3e\" data-element_type=\"widget\" data-widget_type=\"text-editor.default\">\n\t\t\t\t<div class=\"elementor-widget-container\">\n\t\t\t\t\t\t\t\t\t<p>Nossos trabalhos sempre visam entender claramente as necessidades e caracter\u00edsticas espec\u00edficas de nossos clientes, para um atendimento customizado de excelente retorno.<\/p>\t\t\t\t\t\t\t\t<\/div>\n\t\t\t\t<\/div>\n\t\t\t\t\t<\/div>\n\t\t<\/div>\n\t\t\t\t<div class=\"elementor-column elementor-col-33 elementor-top-column elementor-element elementor-element-86dbf26\" data-id=\"86dbf26\" data-element_type=\"column\">\n\t\t\t<div class=\"elementor-widget-wrap\">\n\t\t\t\t\t\t\t<\/div>\n\t\t<\/div>\n\t\t\t\t\t<\/div>\n\t\t<\/section>\n\t\t\t\t<section class=\"elementor-section elementor-top-section elementor-element elementor-element-dabb8c8 elementor-reverse-mobile elementor-section-boxed elementor-section-height-default elementor-section-height-default\" data-id=\"dabb8c8\" data-element_type=\"section\" data-settings=\"{&quot;background_background&quot;:&quot;classic&quot;}\">\n\t\t\t\t\t\t\t<div class=\"elementor-background-overlay\"><\/div>\n\t\t\t\t\t\t\t<div class=\"elementor-container elementor-column-gap-default\">\n\t\t\t\t\t<div class=\"elementor-column elementor-col-50 elementor-top-column elementor-element elementor-element-0ae65ec\" data-id=\"0ae65ec\" data-element_type=\"column\" data-settings=\"{&quot;background_background&quot;:&quot;classic&quot;}\">\n\t\t\t<div class=\"elementor-widget-wrap elementor-element-populated\">\n\t\t\t\t\t\t<div class=\"elementor-element elementor-element-1ed05de elementor-widget elementor-widget-image\" data-id=\"1ed05de\" data-element_type=\"widget\" data-widget_type=\"image.default\">\n\t\t\t\t<div class=\"elementor-widget-container\">\n\t\t\t\t\t\t\t\t\t\t\t\t\t\t\t<img fetchpriority=\"high\" decoding=\"async\" width=\"480\" height=\"700\" src=\"https:\/\/excelexpert.com.br\/pr\/wp-content\/uploads\/2020\/07\/20151107_Tubarao-02-6.jpg\" class=\"attachment-full size-full wp-image-2280\" alt=\"\" srcset=\"https:\/\/excelexpert.com.br\/pr\/wp-content\/uploads\/2020\/07\/20151107_Tubarao-02-6.jpg 480w, https:\/\/excelexpert.com.br\/pr\/wp-content\/uploads\/2020\/07\/20151107_Tubarao-02-6-206x300.jpg 206w\" sizes=\"(max-width: 480px) 100vw, 480px\" \/>\t\t\t\t\t\t\t\t\t\t\t\t\t\t\t<\/div>\n\t\t\t\t<\/div>\n\t\t\t\t\t<\/div>\n\t\t<\/div>\n\t\t\t\t<div class=\"elementor-column elementor-col-50 elementor-top-column elementor-element elementor-element-a7170cb\" data-id=\"a7170cb\" data-element_type=\"column\">\n\t\t\t<div class=\"elementor-widget-wrap elementor-element-populated\">\n\t\t\t\t\t\t<div class=\"elementor-element elementor-element-fb08c38 elementor-widget elementor-widget-heading\" data-id=\"fb08c38\" data-element_type=\"widget\" data-widget_type=\"heading.default\">\n\t\t\t\t<div class=\"elementor-widget-container\">\n\t\t\t\t\t<h2 class=\"elementor-heading-title elementor-size-default\">Treinamentos Presenciais<\/h2>\t\t\t\t<\/div>\n\t\t\t\t<\/div>\n\t\t\t\t<div class=\"elementor-element elementor-element-93d90f1 elementor-widget elementor-widget-heading\" data-id=\"93d90f1\" data-element_type=\"widget\" data-widget_type=\"heading.default\">\n\t\t\t\t<div class=\"elementor-widget-container\">\n\t\t\t\t\t<h5 class=\"elementor-heading-title elementor-size-default\">Nossa experi\u00eancia no mercado j\u00e1 nos mostrou que n\u00e3o h\u00e1 solu\u00e7\u00f5es m\u00e1gicas a serem copiadas de uma empresa para outra.<\/h5>\t\t\t\t<\/div>\n\t\t\t\t<\/div>\n\t\t\t\t<div class=\"elementor-element elementor-element-820708b elementor-widget elementor-widget-text-editor\" data-id=\"820708b\" data-element_type=\"widget\" data-widget_type=\"text-editor.default\">\n\t\t\t\t<div class=\"elementor-widget-container\">\n\t\t\t\t\t\t\t\t\t<p>Nossos treinamentos s\u00e3o adaptados as reais necessidades de nossos clientes. Trazemos para eles toda nossa experi\u00eancia de mais de 15 anos de consultoria em empresas das mais diversas \u00e1reas de atua\u00e7\u00e3o e de todos os portes.<\/p><p>Durante todo este tempo temos ministrado o treinamento presencial tanto no formato \u201cIn Company\u201d como em turmas abertas. <br \/>Mais recentemente, adotamos tamb\u00e9m a modalidade Live pela Internet, com a plataforma Zoom.<br \/>A metodologia aplicada \u00e9 baseada em exerc\u00edcios pr\u00e9-digitados, e estudos de casos bem enunciados e com objetivos claros, garantindo assim uma alta produtividade e excelente aproveitamento dos participantes.<\/p><p>Os m\u00f3dulos possuem carga hor\u00e1ria flex\u00edvel (de 8 a 24 horas) , com conte\u00fados organizados de forma a atender desde o n\u00edvel mais b\u00e1sico at\u00e9 o mais avan\u00e7ado, inclusive programa\u00e7\u00e3o em VBA ( Visual Basic for Applications).<\/p>\t\t\t\t\t\t\t\t<\/div>\n\t\t\t\t<\/div>\n\t\t\t\t\t<\/div>\n\t\t<\/div>\n\t\t\t\t\t<\/div>\n\t\t<\/section>\n\t\t\t\t<section class=\"elementor-section elementor-top-section elementor-element elementor-element-ba486a6 elementor-section-boxed elementor-section-height-default elementor-section-height-default\" data-id=\"ba486a6\" data-element_type=\"section\">\n\t\t\t\t\t\t<div class=\"elementor-container elementor-column-gap-default\">\n\t\t\t\t\t<div class=\"elementor-column elementor-col-100 elementor-top-column elementor-element elementor-element-2c53aec\" data-id=\"2c53aec\" data-element_type=\"column\">\n\t\t\t<div class=\"elementor-widget-wrap elementor-element-populated\">\n\t\t\t\t\t\t<section class=\"elementor-section elementor-inner-section elementor-element elementor-element-14dc661 elementor-section-boxed elementor-section-height-default elementor-section-height-default\" data-id=\"14dc661\" data-element_type=\"section\">\n\t\t\t\t\t\t<div class=\"elementor-container elementor-column-gap-default\">\n\t\t\t\t\t<div class=\"elementor-column elementor-col-50 elementor-inner-column elementor-element elementor-element-b5a4dce\" data-id=\"b5a4dce\" data-element_type=\"column\">\n\t\t\t<div class=\"elementor-widget-wrap elementor-element-populated\">\n\t\t\t\t\t\t<div class=\"elementor-element elementor-element-4f073f5 elementor-widget-divider--view-line elementor-widget elementor-widget-divider\" data-id=\"4f073f5\" data-element_type=\"widget\" data-widget_type=\"divider.default\">\n\t\t\t\t<div class=\"elementor-widget-container\">\n\t\t\t\t\t\t\t<div class=\"elementor-divider\">\n\t\t\t<span class=\"elementor-divider-separator\">\n\t\t\t\t\t\t<\/span>\n\t\t<\/div>\n\t\t\t\t\t\t<\/div>\n\t\t\t\t<\/div>\n\t\t\t\t<div class=\"elementor-element elementor-element-fcc3f95 elementor-vertical-align-top elementor-widget elementor-widget-image-box\" data-id=\"fcc3f95\" data-element_type=\"widget\" data-widget_type=\"image-box.default\">\n\t\t\t\t<div class=\"elementor-widget-container\">\n\t\t\t\t\t<div class=\"elementor-image-box-wrapper\"><div class=\"elementor-image-box-content\"><h3 class=\"elementor-image-box-title\">Treinamento In Company<\/h3><p class=\"elementor-image-box-description\">O treinamento In-Company \u00e9 indicado para empresas que querem capacitar seus colaboradores, otimizando suas rotinas di\u00e1rias e aumentando a produtividade do grupo e da empresa. O conte\u00fado do curso pode ser personalizado conforme sua necessidade. Al\u00e9m disto, colocamos a disposi\u00e7\u00e3o os testes de nivelamento, que nos permitem sugerir a cria\u00e7\u00e3o de grupos mais homog\u00eaneos, conforme os perfis resultantes da an\u00e1lises dos testes aplicados. \nAdotando as plataformas mais atuais de Cloud Meeting, (tais como Teams e Zoom ), podemos ministrar cursos in-company, em qualquer lugar do pais, sem custos de deslocamento! Fa\u00e7a uma consulta!\n<\/p><\/div><\/div>\t\t\t\t<\/div>\n\t\t\t\t<\/div>\n\t\t\t\t\t<\/div>\n\t\t<\/div>\n\t\t\t\t<div class=\"elementor-column elementor-col-50 elementor-inner-column elementor-element elementor-element-62f82d2\" data-id=\"62f82d2\" data-element_type=\"column\">\n\t\t\t<div class=\"elementor-widget-wrap elementor-element-populated\">\n\t\t\t\t\t\t<div class=\"elementor-element elementor-element-f11dcf5 elementor-widget-divider--view-line elementor-widget elementor-widget-divider\" data-id=\"f11dcf5\" data-element_type=\"widget\" data-widget_type=\"divider.default\">\n\t\t\t\t<div class=\"elementor-widget-container\">\n\t\t\t\t\t\t\t<div class=\"elementor-divider\">\n\t\t\t<span class=\"elementor-divider-separator\">\n\t\t\t\t\t\t<\/span>\n\t\t<\/div>\n\t\t\t\t\t\t<\/div>\n\t\t\t\t<\/div>\n\t\t\t\t<div class=\"elementor-element elementor-element-a2142ef elementor-vertical-align-top elementor-widget elementor-widget-image-box\" data-id=\"a2142ef\" data-element_type=\"widget\" data-widget_type=\"image-box.default\">\n\t\t\t\t<div class=\"elementor-widget-container\">\n\t\t\t\t\t<div class=\"elementor-image-box-wrapper\"><div class=\"elementor-image-box-content\"><h3 class=\"elementor-image-box-title\">Treinamento Aberto<\/h3><p class=\"elementor-image-box-description\">A partir de nossa base em Curitiba-PR, estamos atendendo a turmas abertas na modalidade LIVE, com a plataforma Zoom e outras. Ou seja, onde quer que voc\u00ea esteja, voc\u00ea pode participar de nossas turmas abertas, nos n\u00edveis B\u00e1sico, Intermedi\u00e1rio, Avan\u00e7ado e Macros (VBA).\nVoc\u00ea tem ainda a op\u00e7\u00e3o de adquirir nosso curso online gravado, denominado Programa Expert 2.0.\nPara saber mais, clique no bot\u00e3o Treinamentos online ou fa\u00e7a contato conosco.\n<\/p><\/div><\/div>\t\t\t\t<\/div>\n\t\t\t\t<\/div>\n\t\t\t\t\t<\/div>\n\t\t<\/div>\n\t\t\t\t\t<\/div>\n\t\t<\/section>\n\t\t\t\t\t<\/div>\n\t\t<\/div>\n\t\t\t\t\t<\/div>\n\t\t<\/section>\n\t\t\t\t<\/div>\n\t\t","protected":false},"excerpt":{"rendered":"<p>Presenciais \/ Live Treinamentos presenciais no formato \u201cIn Company\u201d e em turmas abertas. Nossos trabalhos sempre visam entender claramente as necessidades e caracter\u00edsticas espec\u00edficas de nossos clientes, para um atendimento customizado de excelente retorno. Treinamentos Presenciais Nossa experi\u00eancia no mercado [&hellip;]<\/p>\n","protected":false},"author":1,"featured_media":0,"parent":0,"menu_order":0,"comment_status":"closed","ping_status":"closed","template":"","meta":{"site-sidebar-layout":"no-sidebar","site-content-layout":"page-builder","ast-site-content-layout":"","site-content-style":"default","site-sidebar-style":"default","ast-global-header-display":"","ast-banner-title-visibility":"","ast-main-header-display":"","ast-hfb-above-header-display":"","ast-hfb-below-header-display":"","ast-hfb-mobile-header-display":"","site-post-title":"disabled","ast-breadcrumbs-content":"","ast-featured-img":"disabled","footer-sml-layout":"","theme-transparent-header-meta":"default","adv-header-id-meta":"","stick-header-meta":"default","header-above-stick-meta":"","header-main-stick-meta":"","header-below-stick-meta":"","astra-migrate-meta-layouts":"default","ast-page-background-enabled":"default","ast-page-background-meta":{"desktop":{"background-color":"","background-image":"","background-repeat":"repeat","background-position":"center center","background-size":"auto","background-attachment":"scroll","background-type":"","background-media":"","overlay-type":"","overlay-color":"","overlay-opacity":"","overlay-gradient":""},"tablet":{"background-color":"","background-image":"","background-repeat":"repeat","background-position":"center center","background-size":"auto","background-attachment":"scroll","background-type":"","background-media":"","overlay-type":"","overlay-color":"","overlay-opacity":"","overlay-gradient":""},"mobile":{"background-color":"","background-image":"","background-repeat":"repeat","background-position":"center center","background-size":"auto","background-attachment":"scroll","background-type":"","background-media":"","overlay-type":"","overlay-color":"","overlay-opacity":"","overlay-gradient":""}},"ast-content-background-meta":{"desktop":{"background-color":"var(--ast-global-color-5)","background-image":"","background-repeat":"repeat","background-position":"center center","background-size":"auto","background-attachment":"scroll","background-type":"","background-media":"","overlay-type":"","overlay-color":"","overlay-opacity":"","overlay-gradient":""},"tablet":{"background-color":"var(--ast-global-color-5)","background-image":"","background-repeat":"repeat","background-position":"center center","background-size":"auto","background-attachment":"scroll","background-type":"","background-media":"","overlay-type":"","overlay-color":"","overlay-opacity":"","overlay-gradient":""},"mobile":{"background-color":"var(--ast-global-color-5)","background-image":"","background-repeat":"repeat","background-position":"center center","background-size":"auto","background-attachment":"scroll","background-type":"","background-media":"","overlay-type":"","overlay-color":"","overlay-opacity":"","overlay-gradient":""}},"footnotes":""},"class_list":["post-2274","page","type-page","status-publish","hentry"],"_links":{"self":[{"href":"https:\/\/excelexpert.com.br\/pr\/wp-json\/wp\/v2\/pages\/2274","targetHints":{"allow":["GET"]}}],"collection":[{"href":"https:\/\/excelexpert.com.br\/pr\/wp-json\/wp\/v2\/pages"}],"about":[{"href":"https:\/\/excelexpert.com.br\/pr\/wp-json\/wp\/v2\/types\/page"}],"author":[{"embeddable":true,"href":"https:\/\/excelexpert.com.br\/pr\/wp-json\/wp\/v2\/users\/1"}],"replies":[{"embeddable":true,"href":"https:\/\/excelexpert.com.br\/pr\/wp-json\/wp\/v2\/comments?post=2274"}],"version-history":[{"count":13,"href":"https:\/\/excelexpert.com.br\/pr\/wp-json\/wp\/v2\/pages\/2274\/revisions"}],"predecessor-version":[{"id":2363,"href":"https:\/\/excelexpert.com.br\/pr\/wp-json\/wp\/v2\/pages\/2274\/revisions\/2363"}],"wp:attachment":[{"href":"https:\/\/excelexpert.com.br\/pr\/wp-json\/wp\/v2\/media?parent=2274"}],"curies":[{"name":"wp","href":"https:\/\/api.w.org\/{rel}","templated":true}]}}